{"id":1939,"date":"2022-02-25T21:41:30","date_gmt":"2022-02-25T20:41:30","guid":{"rendered":"https:\/\/psicoterapiayvegetalismo.com\/home\/?page_id=1939"},"modified":"2022-03-05T15:51:45","modified_gmt":"2022-03-05T14:51:45","slug":"gracias-por-acceder-al-curso","status":"publish","type":"page","link":"https:\/\/psicoterapiayvegetalismo.com\/home\/curso-de-especializacion\/gracias-por-acceder-al-curso\/","title":{"rendered":"Gracias por acceder al curso"},"content":{"rendered":"\t\t<div data-elementor-type=\"wp-page\" data-elementor-id=\"1939\" class=\"elementor elementor-1939\" data-elementor-post-type=\"page\">\n\t\t\t\t\t\t<section class=\"elementor-section elementor-top-section elementor-element elementor-element-dab85b8 elementor-section-full_width elementor-section-content-middle elementor-section-stretched elementor-section-height-min-height elementor-section-height-default elementor-section-items-middle\" data-id=\"dab85b8\" data-element_type=\"section\" data-settings=\"{&quot;stretch_section&quot;:&quot;section-stretched&quot;}\">\n\t\t\t\t\t\t<div class=\"elementor-container elementor-column-gap-wider\">\n\t\t\t\t\t<div class=\"elementor-column elementor-col-50 elementor-top-column elementor-element elementor-element-e0129ea\" data-id=\"e0129ea\" data-element_type=\"column\">\n\t\t\t<div class=\"elementor-widget-wrap elementor-element-populated\">\n\t\t\t\t\t\t<div class=\"elementor-element elementor-element-c40cae3 elementor-widget elementor-widget-heading\" data-id=\"c40cae3\" data-element_type=\"widget\" data-widget_type=\"heading.default\">\n\t\t\t\t<div class=\"elementor-widget-container\">\n\t\t\t\t\t<span class=\"elementor-heading-title elementor-size-default\">Gracias por acceder al curso<\/span>\t\t\t\t<\/div>\n\t\t\t\t<\/div>\n\t\t\t\t<div class=\"elementor-element elementor-element-162f71b elementor-widget elementor-widget-heading\" data-id=\"162f71b\" data-element_type=\"widget\" data-widget_type=\"heading.default\">\n\t\t\t\t<div class=\"elementor-widget-container\">\n\t\t\t\t\t<h1 class=\"elementor-heading-title elementor-size-default\">\u00a1Qu\u00e9 alegr\u00eda saber que ser\u00e1s parte de este curso!<\/h1>\t\t\t\t<\/div>\n\t\t\t\t<\/div>\n\t\t\t\t<div class=\"elementor-element elementor-element-631a3ef elementor-widget elementor-widget-text-editor\" data-id=\"631a3ef\" data-element_type=\"widget\" data-widget_type=\"text-editor.default\">\n\t\t\t\t<div class=\"elementor-widget-container\">\n\t\t\t\t\t\t\t\t\t<p>Gracias por tu inscripci\u00f3n y bienvenida\/o a nuestra Escuela de Psicoterap\u00eca y Vegetalismo.<\/p><p>Por favor, env\u00eda copia del comprobante de pago al correo info@psicoterapiayvegetalismo.com<\/p><p>Algunos d\u00edas antes de nuestro primer encuentro recibir\u00e1s un mail con informaci\u00f3n a considerar y el enlace para la primera clase. Gracias por ser parte de este puente entre Psicoterapia y Vegetalismo.<\/p><p>Susana y Paulina<\/p>\t\t\t\t\t\t\t\t<\/div>\n\t\t\t\t<\/div>\n\t\t\t\t\t<\/div>\n\t\t<\/div>\n\t\t\t\t<div class=\"elementor-column elementor-col-50 elementor-top-column elementor-element elementor-element-863e151\" data-id=\"863e151\" data-element_type=\"column\" data-settings=\"{&quot;background_background&quot;:&quot;classic&quot;}\">\n\t\t\t<div class=\"elementor-widget-wrap elementor-element-populated\">\n\t\t\t\t\t\t<div class=\"elementor-element elementor-element-d54ccb4 elementor-widget elementor-widget-spacer\" data-id=\"d54ccb4\" data-element_type=\"widget\" data-widget_type=\"spacer.default\">\n\t\t\t\t<div class=\"elementor-widget-container\">\n\t\t\t\t\t\t\t<div class=\"elementor-spacer\">\n\t\t\t<div class=\"elementor-spacer-inner\"><\/div>\n\t\t<\/div>\n\t\t\t\t\t\t<\/div>\n\t\t\t\t<\/div>\n\t\t\t\t\t<\/div>\n\t\t<\/div>\n\t\t\t\t\t<\/div>\n\t\t<\/section>\n\t\t\t\t<\/div>\n\t\t","protected":false},"excerpt":{"rendered":"<p>Gracias por acceder al curso \u00a1Qu\u00e9 alegr\u00eda saber que ser\u00e1s parte de este curso! Gracias por tu inscripci\u00f3n y bienvenida\/o a nuestra Escuela de Psicoterap\u00eca y Vegetalismo. Por favor, env\u00eda copia del comprobante de pago al correo info@psicoterapiayvegetalismo.com Algunos d\u00edas antes de nuestro primer encuentro recibir\u00e1s un mail con informaci\u00f3n a considerar y el enlace [&hellip;]<\/p>\n","protected":false},"author":1,"featured_media":0,"parent":1870,"menu_order":0,"comment_status":"closed","ping_status":"closed","template":"elementor_canvas","meta":{"site-sidebar-layout":"no-sidebar","site-content-layout":"page-builder","ast-site-content-layout":"","site-content-style":"default","site-sidebar-style":"default","ast-global-header-display":"","ast-banner-title-visibility":"","ast-main-header-display":"","ast-hfb-above-header-display":"","ast-hfb-below-header-display":"","ast-hfb-mobile-header-display":"","site-post-title":"disabled","ast-breadcrumbs-content":"","ast-featured-img":"disabled","footer-sml-layout":"","theme-transparent-header-meta":"default","adv-header-id-meta":"","stick-header-meta":"","header-above-stick-meta":"","header-main-stick-meta":"","header-below-stick-meta":"","astra-migrate-meta-layouts":"default","ast-page-background-enabled":"default","ast-page-background-meta":{"desktop":{"background-color":"","background-image":"","background-repeat":"repeat","background-position":"center center","background-size":"auto","background-attachment":"scroll","background-type":"","background-media":"","overlay-type":"","overlay-color":"","overlay-opacity":"","overlay-gradient":""},"tablet":{"background-color":"","background-image":"","background-repeat":"repeat","background-position":"center center","background-size":"auto","background-attachment":"scroll","background-type":"","background-media":"","overlay-type":"","overlay-color":"","overlay-opacity":"","overlay-gradient":""},"mobile":{"background-color":"","background-image":"","background-repeat":"repeat","background-position":"center center","background-size":"auto","background-attachment":"scroll","background-type":"","background-media":"","overlay-type":"","overlay-color":"","overlay-opacity":"","overlay-gradient":""}},"ast-content-background-meta":{"desktop":{"background-color":"var(--ast-global-color-5)","background-image":"","background-repeat":"repeat","background-position":"center center","background-size":"auto","background-attachment":"scroll","background-type":"","background-media":"","overlay-type":"","overlay-color":"","overlay-opacity":"","overlay-gradient":""},"tablet":{"background-color":"var(--ast-global-color-5)","background-image":"","background-repeat":"repeat","background-position":"center center","background-size":"auto","background-attachment":"scroll","background-type":"","background-media":"","overlay-type":"","overlay-color":"","overlay-opacity":"","overlay-gradient":""},"mobile":{"background-color":"var(--ast-global-color-5)","background-image":"","background-repeat":"repeat","background-position":"center center","background-size":"auto","background-attachment":"scroll","background-type":"","background-media":"","overlay-type":"","overlay-color":"","overlay-opacity":"","overlay-gradient":""}},"footnotes":""},"class_list":["post-1939","page","type-page","status-publish","hentry"],"_links":{"self":[{"href":"https:\/\/psicoterapiayvegetalismo.com\/home\/wp-json\/wp\/v2\/pages\/1939","targetHints":{"allow":["GET"]}}],"collection":[{"href":"https:\/\/psicoterapiayvegetalismo.com\/home\/wp-json\/wp\/v2\/pages"}],"about":[{"href":"https:\/\/psicoterapiayvegetalismo.com\/home\/wp-json\/wp\/v2\/types\/page"}],"author":[{"embeddable":true,"href":"https:\/\/psicoterapiayvegetalismo.com\/home\/wp-json\/wp\/v2\/users\/1"}],"replies":[{"embeddable":true,"href":"https:\/\/psicoterapiayvegetalismo.com\/home\/wp-json\/wp\/v2\/comments?post=1939"}],"version-history":[{"count":5,"href":"https:\/\/psicoterapiayvegetalismo.com\/home\/wp-json\/wp\/v2\/pages\/1939\/revisions"}],"predecessor-version":[{"id":1994,"href":"https:\/\/psicoterapiayvegetalismo.com\/home\/wp-json\/wp\/v2\/pages\/1939\/revisions\/1994"}],"up":[{"embeddable":true,"href":"https:\/\/psicoterapiayvegetalismo.com\/home\/wp-json\/wp\/v2\/pages\/1870"}],"wp:attachment":[{"href":"https:\/\/psicoterapiayvegetalismo.com\/home\/wp-json\/wp\/v2\/media?parent=1939"}],"curies":[{"name":"wp","href":"https:\/\/api.w.org\/{rel}","templated":true}]}}