{"id":2189,"date":"2022-07-20T21:07:40","date_gmt":"2022-07-20T19:07:40","guid":{"rendered":"https:\/\/psicoterapiayvegetalismo.com\/home\/?page_id=2189"},"modified":"2024-01-25T18:46:58","modified_gmt":"2024-01-25T17:46:58","slug":"395-dolares","status":"publish","type":"page","link":"https:\/\/psicoterapiayvegetalismo.com\/home\/curso-de-especializacion\/395-dolares\/","title":{"rendered":"485 d\u00f3lares"},"content":{"rendered":"\t\t<div data-elementor-type=\"wp-page\" data-elementor-id=\"2189\" class=\"elementor elementor-2189\" data-elementor-post-type=\"page\">\n\t\t\t\t\t\t<section class=\"elementor-section elementor-top-section elementor-element elementor-element-16f011b elementor-section-boxed elementor-section-height-default elementor-section-height-default\" data-id=\"16f011b\" data-element_type=\"section\" data-settings=\"{&quot;background_background&quot;:&quot;classic&quot;}\">\n\t\t\t\t\t\t<div class=\"elementor-container elementor-column-gap-wider\">\n\t\t\t\t\t<div class=\"elementor-column elementor-col-16 elementor-top-column elementor-element elementor-element-5a20df0\" data-id=\"5a20df0\" data-element_type=\"column\">\n\t\t\t<div class=\"elementor-widget-wrap\">\n\t\t\t\t\t\t\t<\/div>\n\t\t<\/div>\n\t\t\t\t<div class=\"elementor-column elementor-col-66 elementor-top-column elementor-element elementor-element-18c3139\" data-id=\"18c3139\" data-element_type=\"column\">\n\t\t\t<div class=\"elementor-widget-wrap elementor-element-populated\">\n\t\t\t\t\t\t<div class=\"elementor-element elementor-element-4114a54 elementor-widget elementor-widget-heading\" data-id=\"4114a54\" data-element_type=\"widget\" data-widget_type=\"heading.default\">\n\t\t\t\t<div class=\"elementor-widget-container\">\n\t\t\t\t\t<span class=\"elementor-heading-title elementor-size-default\">Curso de especializaci\u00f3n<\/span>\t\t\t\t<\/div>\n\t\t\t\t<\/div>\n\t\t\t\t<div class=\"elementor-element elementor-element-e2a5c47 elementor-widget elementor-widget-heading\" data-id=\"e2a5c47\" data-element_type=\"widget\" data-widget_type=\"heading.default\">\n\t\t\t\t<div class=\"elementor-widget-container\">\n\t\t\t\t\t<h1 class=\"elementor-heading-title elementor-size-default\">Desaf\u00edos psicoterap\u00e9uticos de la internacionalizaci\u00f3n de la ayahuasca y lineamientos de trabajo efectivo<\/h1>\t\t\t\t<\/div>\n\t\t\t\t<\/div>\n\t\t\t\t\t<\/div>\n\t\t<\/div>\n\t\t\t\t<div class=\"elementor-column elementor-col-16 elementor-top-column elementor-element elementor-element-3e0e51b\" data-id=\"3e0e51b\" data-element_type=\"column\">\n\t\t\t<div class=\"elementor-widget-wrap\">\n\t\t\t\t\t\t\t<\/div>\n\t\t<\/div>\n\t\t\t\t\t<\/div>\n\t\t<\/section>\n\t\t\t\t<section class=\"elementor-section elementor-top-section elementor-element elementor-element-446718f elementor-section-boxed elementor-section-height-default elementor-section-height-default\" data-id=\"446718f\" data-element_type=\"section\" data-settings=\"{&quot;background_background&quot;:&quot;classic&quot;}\">\n\t\t\t\t\t\t<div class=\"elementor-container elementor-column-gap-wider\">\n\t\t\t\t\t<div class=\"elementor-column elementor-col-16 elementor-top-column elementor-element elementor-element-b4a34bf\" data-id=\"b4a34bf\" data-element_type=\"column\">\n\t\t\t<div class=\"elementor-widget-wrap\">\n\t\t\t\t\t\t\t<\/div>\n\t\t<\/div>\n\t\t\t\t<div class=\"elementor-column elementor-col-66 elementor-top-column elementor-element elementor-element-db0192d\" data-id=\"db0192d\" data-element_type=\"column\">\n\t\t\t<div class=\"elementor-widget-wrap elementor-element-populated\">\n\t\t\t\t\t\t<div class=\"elementor-element elementor-element-444fc01 elementor-widget elementor-widget-html\" data-id=\"444fc01\" data-element_type=\"widget\" data-widget_type=\"html.default\">\n\t\t\t\t<div class=\"elementor-widget-container\">\n\t\t\t\t\t<h4 class=\"sub-title\" style=\"font-family: 'Work Sans', Sans-serif !important; color: #CDB30C; font-size: 16px; text-align: center;\">Valor preferente por pronta inscripci\u00f3n antes del 15\u00ba de febrero<\/h4>\n<h2 style=\"font-weight: 700; font-family: 'Work Sans', Sans-serif !important; font-size: 28px !important; color: #535204; text-transform: capitalize; text-align: center; margin-bottom: 20px;\">395 d\u00f3lares<\/h2>\n\n\n<div id=\"smart-button-container\">\n      <div style=\"text-align: center;\">\n        <div id=\"paypal-button-container\"><\/div>\n      <\/div>\n    <\/div>\n  <script src=\"https:\/\/www.paypal.com\/sdk\/js?client-id=ASMiMwAW5VhkPtwIarKPS5D75LesidHauX_cztkuUmHpz7UkVkpAXIvD9nePsBaKsffCUyLDxORZWWUr&enable-funding=venmo&currency=USD\" data-sdk-integration-source=\"button-factory\"><\/script>\n  <script>\n    function initPayPalButton() {\n      paypal.Buttons({\n        style: {\n          shape: 'pill',\n          color: 'gold',\n          layout: 'vertical',\n          label: 'paypal',\n          \n        },\n\n        createOrder: function(data, actions) {\n          return actions.order.create({\n            purchase_units: [{\"description\":\"Descuento por registro temprano\",\"amount\":{\"currency_code\":\"USD\",\"value\":395}}]\n          });\n        },\n\n        onApprove: function(data, actions) {\n          return actions.order.capture().then(function(orderData) {\n            \n            \/\/ Full available details\n            console.log('Capture result', orderData, JSON.stringify(orderData, null, 2));\n\n            \/\/ Show a success message within this page, e.g.\n            const element = document.getElementById('paypal-button-container');\n            element.innerHTML = '';\n            element.innerHTML = '<h3>Thank you for your payment!<\/h3>';\n\n            \/\/ Or go to another URL:  actions.redirect('thank_you.html');\n            \n          });\n        },\n\n        onError: function(err) {\n          console.log(err);\n        }\n      }).render('#paypal-button-container');\n    }\n    initPayPalButton();\n  <\/script>\t\t\t\t<\/div>\n\t\t\t\t<\/div>\n\t\t\t\t<div class=\"elementor-element elementor-element-f2b32a4 elementor-widget elementor-widget-text-editor\" data-id=\"f2b32a4\" data-element_type=\"widget\" data-widget_type=\"text-editor.default\">\n\t\t\t\t<div class=\"elementor-widget-container\">\n\t\t\t\t\t\t\t\t\t<p>Una vez que realices el pago, te pedimos que hagas click en el siguiente bot\u00f3n<\/p>\t\t\t\t\t\t\t\t<\/div>\n\t\t\t\t<\/div>\n\t\t\t\t<div class=\"elementor-element elementor-element-27b8e91 elementor-align-center elementor-widget elementor-widget-button\" data-id=\"27b8e91\" data-element_type=\"widget\" data-widget_type=\"button.default\">\n\t\t\t\t<div class=\"elementor-widget-container\">\n\t\t\t\t\t\t\t\t\t<div class=\"elementor-button-wrapper\">\n\t\t\t\t\t<a class=\"elementor-button elementor-button-link elementor-size-sm\" href=\"https:\/\/psicoterapiayvegetalismo.com\/home\/curso-de-especializacion\/gracias-por-acceder-al-curso\/\">\n\t\t\t\t\t\t<span class=\"elementor-button-content-wrapper\">\n\t\t\t\t\t\t\t\t\t<span class=\"elementor-button-text\">Proceder con el proceso de inscripci\u00f3n<\/span>\n\t\t\t\t\t<\/span>\n\t\t\t\t\t<\/a>\n\t\t\t\t<\/div>\n\t\t\t\t\t\t\t\t<\/div>\n\t\t\t\t<\/div>\n\t\t\t\t\t<\/div>\n\t\t<\/div>\n\t\t\t\t<div class=\"elementor-column elementor-col-16 elementor-top-column elementor-element elementor-element-f6080d3\" data-id=\"f6080d3\" data-element_type=\"column\">\n\t\t\t<div class=\"elementor-widget-wrap\">\n\t\t\t\t\t\t\t<\/div>\n\t\t<\/div>\n\t\t\t\t\t<\/div>\n\t\t<\/section>\n\t\t\t\t<\/div>\n\t\t","protected":false},"excerpt":{"rendered":"<p>Curso de especializaci\u00f3n Desaf\u00edos psicoterap\u00e9uticos de la internacionalizaci\u00f3n de la ayahuasca y lineamientos de trabajo efectivo Valor preferente por pronta inscripci\u00f3n antes del 15\u00ba de febrero 395 d\u00f3lares Una vez que realices el pago, te pedimos que hagas click en el siguiente bot\u00f3n Proceder con el proceso de inscripci\u00f3n<\/p>\n","protected":false},"author":1,"featured_media":0,"parent":1870,"menu_order":0,"comment_status":"closed","ping_status":"closed","template":"elementor_canvas","meta":{"site-sidebar-layout":"no-sidebar","site-content-layout":"page-builder","ast-site-content-layout":"","site-content-style":"default","site-sidebar-style":"default","ast-global-header-display":"","ast-banner-title-visibility":"","ast-main-header-display":"","ast-hfb-above-header-display":"","ast-hfb-below-header-display":"","ast-hfb-mobile-header-display":"","site-post-title":"disabled","ast-breadcrumbs-content":"","ast-featured-img":"disabled","footer-sml-layout":"","theme-transparent-header-meta":"default","adv-header-id-meta":"","stick-header-meta":"","header-above-stick-meta":"","header-main-stick-meta":"","header-below-stick-meta":"","astra-migrate-meta-layouts":"default","ast-page-background-enabled":"default","ast-page-background-meta":{"desktop":{"background-color":"","background-image":"","background-repeat":"repeat","background-position":"center center","background-size":"auto","background-attachment":"scroll","background-type":"","background-media":"","overlay-type":"","overlay-color":"","overlay-opacity":"","overlay-gradient":""},"tablet":{"background-color":"","background-image":"","background-repeat":"repeat","background-position":"center center","background-size":"auto","background-attachment":"scroll","background-type":"","background-media":"","overlay-type":"","overlay-color":"","overlay-opacity":"","overlay-gradient":""},"mobile":{"background-color":"","background-image":"","background-repeat":"repeat","background-position":"center center","background-size":"auto","background-attachment":"scroll","background-type":"","background-media":"","overlay-type":"","overlay-color":"","overlay-opacity":"","overlay-gradient":""}},"ast-content-background-meta":{"desktop":{"background-color":"var(--ast-global-color-5)","background-image":"","background-repeat":"repeat","background-position":"center center","background-size":"auto","background-attachment":"scroll","background-type":"","background-media":"","overlay-type":"","overlay-color":"","overlay-opacity":"","overlay-gradient":""},"tablet":{"background-color":"var(--ast-global-color-5)","background-image":"","background-repeat":"repeat","background-position":"center center","background-size":"auto","background-attachment":"scroll","background-type":"","background-media":"","overlay-type":"","overlay-color":"","overlay-opacity":"","overlay-gradient":""},"mobile":{"background-color":"var(--ast-global-color-5)","background-image":"","background-repeat":"repeat","background-position":"center center","background-size":"auto","background-attachment":"scroll","background-type":"","background-media":"","overlay-type":"","overlay-color":"","overlay-opacity":"","overlay-gradient":""}},"footnotes":""},"class_list":["post-2189","page","type-page","status-publish","hentry"],"_links":{"self":[{"href":"https:\/\/psicoterapiayvegetalismo.com\/home\/wp-json\/wp\/v2\/pages\/2189","targetHints":{"allow":["GET"]}}],"collection":[{"href":"https:\/\/psicoterapiayvegetalismo.com\/home\/wp-json\/wp\/v2\/pages"}],"about":[{"href":"https:\/\/psicoterapiayvegetalismo.com\/home\/wp-json\/wp\/v2\/types\/page"}],"author":[{"embeddable":true,"href":"https:\/\/psicoterapiayvegetalismo.com\/home\/wp-json\/wp\/v2\/users\/1"}],"replies":[{"embeddable":true,"href":"https:\/\/psicoterapiayvegetalismo.com\/home\/wp-json\/wp\/v2\/comments?post=2189"}],"version-history":[{"count":11,"href":"https:\/\/psicoterapiayvegetalismo.com\/home\/wp-json\/wp\/v2\/pages\/2189\/revisions"}],"predecessor-version":[{"id":2651,"href":"https:\/\/psicoterapiayvegetalismo.com\/home\/wp-json\/wp\/v2\/pages\/2189\/revisions\/2651"}],"up":[{"embeddable":true,"href":"https:\/\/psicoterapiayvegetalismo.com\/home\/wp-json\/wp\/v2\/pages\/1870"}],"wp:attachment":[{"href":"https:\/\/psicoterapiayvegetalismo.com\/home\/wp-json\/wp\/v2\/media?parent=2189"}],"curies":[{"name":"wp","href":"https:\/\/api.w.org\/{rel}","templated":true}]}}