{"id":2258,"date":"2022-07-26T20:58:19","date_gmt":"2022-07-26T18:58:19","guid":{"rendered":"https:\/\/psicoterapiayvegetalismo.com\/home\/?page_id=2258"},"modified":"2025-02-05T13:01:25","modified_gmt":"2025-02-05T12:01:25","slug":"sobre-nosotras","status":"publish","type":"page","link":"https:\/\/psicoterapiayvegetalismo.com\/home\/sobre-nosotras\/","title":{"rendered":"Sobre nosotras"},"content":{"rendered":"\t\t<div data-elementor-type=\"wp-page\" data-elementor-id=\"2258\" class=\"elementor elementor-2258\" data-elementor-post-type=\"page\">\n\t\t\t\t\t\t<section class=\"elementor-section elementor-top-section elementor-element elementor-element-098699c elementor-section-height-min-height elementor-section-content-middle elementor-section-boxed elementor-section-height-default elementor-section-items-middle\" data-id=\"098699c\" data-element_type=\"section\" data-settings=\"{&quot;background_background&quot;:&quot;classic&quot;}\">\n\t\t\t\t\t\t\t<div class=\"elementor-background-overlay\"><\/div>\n\t\t\t\t\t\t\t<div class=\"elementor-container elementor-column-gap-wider\">\n\t\t\t\t\t<div class=\"elementor-column elementor-col-100 elementor-top-column elementor-element elementor-element-b890ccd\" data-id=\"b890ccd\" data-element_type=\"column\">\n\t\t\t<div class=\"elementor-widget-wrap elementor-element-populated\">\n\t\t\t\t\t\t<div class=\"elementor-element elementor-element-4a37212 elementor-widget elementor-widget-heading\" data-id=\"4a37212\" data-element_type=\"widget\" data-widget_type=\"heading.default\">\n\t\t\t\t<div class=\"elementor-widget-container\">\n\t\t\t\t\t<h1 class=\"elementor-heading-title elementor-size-default\">Sobre nosotras<\/h1>\t\t\t\t<\/div>\n\t\t\t\t<\/div>\n\t\t\t\t<div class=\"elementor-element elementor-element-0e97d22 elementor-widget-divider--view-line elementor-widget elementor-widget-divider\" data-id=\"0e97d22\" data-element_type=\"widget\" data-widget_type=\"divider.default\">\n\t\t\t\t<div class=\"elementor-widget-container\">\n\t\t\t\t\t\t\t<div class=\"elementor-divider\">\n\t\t\t<span class=\"elementor-divider-separator\">\n\t\t\t\t\t\t<\/span>\n\t\t<\/div>\n\t\t\t\t\t\t<\/div>\n\t\t\t\t<\/div>\n\t\t\t\t\t<\/div>\n\t\t<\/div>\n\t\t\t\t\t<\/div>\n\t\t<\/section>\n\t\t\t\t<section class=\"elementor-section elementor-top-section elementor-element elementor-element-3cb61a1 elementor-section-content-middle elementor-section-boxed elementor-section-height-default elementor-section-height-default\" data-id=\"3cb61a1\" data-element_type=\"section\" data-settings=\"{&quot;background_background&quot;:&quot;classic&quot;}\">\n\t\t\t\t\t\t<div class=\"elementor-container elementor-column-gap-wider\">\n\t\t\t\t\t<div class=\"elementor-column elementor-col-33 elementor-top-column elementor-element elementor-element-bcc37d9\" data-id=\"bcc37d9\" data-element_type=\"column\">\n\t\t\t<div class=\"elementor-widget-wrap elementor-element-populated\">\n\t\t\t\t\t\t<div class=\"elementor-element elementor-element-e870fe9 elementor-invisible elementor-widget elementor-widget-image\" data-id=\"e870fe9\" data-element_type=\"widget\" data-settings=\"{&quot;motion_fx_motion_fx_scrolling&quot;:&quot;yes&quot;,&quot;motion_fx_translateY_effect&quot;:&quot;yes&quot;,&quot;motion_fx_translateY_direction&quot;:&quot;negative&quot;,&quot;motion_fx_translateY_speed&quot;:{&quot;unit&quot;:&quot;px&quot;,&quot;size&quot;:2,&quot;sizes&quot;:[]},&quot;motion_fx_translateY_affectedRange&quot;:{&quot;unit&quot;:&quot;%&quot;,&quot;size&quot;:&quot;&quot;,&quot;sizes&quot;:{&quot;start&quot;:30,&quot;end&quot;:70}},&quot;motion_fx_devices&quot;:[&quot;desktop&quot;,&quot;tablet&quot;],&quot;_animation&quot;:&quot;fadeInUp&quot;}\" data-widget_type=\"image.default\">\n\t\t\t\t<div class=\"elementor-widget-container\">\n\t\t\t\t\t\t\t\t\t\t\t\t\t\t\t<img fetchpriority=\"high\" decoding=\"async\" width=\"600\" height=\"800\" src=\"https:\/\/psicoterapiayvegetalismo.com\/home\/wp-content\/uploads\/2022\/08\/su-bustos-sobre-mi.jpg\" class=\"attachment-full size-full wp-image-2491\" alt=\"\" srcset=\"https:\/\/psicoterapiayvegetalismo.com\/home\/wp-content\/uploads\/2022\/08\/su-bustos-sobre-mi.jpg 600w, https:\/\/psicoterapiayvegetalismo.com\/home\/wp-content\/uploads\/2022\/08\/su-bustos-sobre-mi-225x300.jpg 225w\" sizes=\"(max-width: 600px) 100vw, 600px\" \/>\t\t\t\t\t\t\t\t\t\t\t\t\t\t\t<\/div>\n\t\t\t\t<\/div>\n\t\t\t\t\t<\/div>\n\t\t<\/div>\n\t\t\t\t<div class=\"elementor-column elementor-col-66 elementor-top-column elementor-element elementor-element-6f9fda4\" data-id=\"6f9fda4\" data-element_type=\"column\">\n\t\t\t<div class=\"elementor-widget-wrap elementor-element-populated\">\n\t\t\t\t\t\t<div class=\"elementor-element elementor-element-a1d2fa7 elementor-widget elementor-widget-heading\" data-id=\"a1d2fa7\" data-element_type=\"widget\" data-widget_type=\"heading.default\">\n\t\t\t\t<div class=\"elementor-widget-container\">\n\t\t\t\t\t<h4 class=\"elementor-heading-title elementor-size-default\">Susana Bustos, Ph.D.<\/h4>\t\t\t\t<\/div>\n\t\t\t\t<\/div>\n\t\t\t\t<div class=\"elementor-element elementor-element-827f2a4 elementor-widget elementor-widget-text-editor\" data-id=\"827f2a4\" data-element_type=\"widget\" data-widget_type=\"text-editor.default\">\n\t\t\t\t<div class=\"elementor-widget-container\">\n\t\t\t\t\t\t\t\t\t<p>Psic\u00f3loga cl\u00ednica (PUC, 1992), musicoterapeuta (UCh, 2001) y certificada en Respiraci\u00f3n Holotr\u00f3pica y Psicolog\u00eda Transpersonal, en terapia gest\u00e1ltica, emergeres y emergencias espirituales y arteterapia. Susana trabaja como docente y mentora de alumnos de postgrado en el California Institute of Integral Studies y es docente adjunta de la Universidad de Berkeley, (California, USA). Es supervisora cl\u00ednica y mantiene una pr\u00e1ctica integrativa privada. Fue directora de la Red de Emergencias Espirituales de Estados Unidos entre 2016 y 2020.<\/p><p>Sus principales focos de trabajo cl\u00ednico, docencia e investigaci\u00f3n se centran en la formulaci\u00f3n de puentes entre las terap\u00e9uticas ancestrales de los pueblos amerindios&#8211; anidadas en tradiciones cham\u00e1nicas y enteog\u00e9nicas&#8211; y el conocimiento occidental; el potencial sanador de los estados expandidos de conciencia; y en los procesos de integraci\u00f3n de estos estados en la vida cotidiana. Destacan sus trabajos en el campo del canto chamanico y su modelo de integraci\u00f3n. Susana dicta talleres y conferencias a nivel internacional y dirige grupos en la selva amaz\u00f3nica.<\/p><p>Susana es coautora del libro The Shamanic Odyssey: Homer, Tolkien, and the Visionary Experience (Inner Traditions, 2012). Contribuy\u00f3 con su ensayo \u00abHealing Icaros in Peruvian Vegetalismo\u00bb en la segunda edici\u00f3n del prestigioso libro de Luna &amp; White (2016) Ayahuasca Reader: Encuentros con la liana sagrada del Amazonas.<\/p>\t\t\t\t\t\t\t\t<\/div>\n\t\t\t\t<\/div>\n\t\t\t\t\t<\/div>\n\t\t<\/div>\n\t\t\t\t\t<\/div>\n\t\t<\/section>\n\t\t\t\t<section class=\"elementor-section elementor-top-section elementor-element elementor-element-3c83509 elementor-reverse-mobile elementor-section-content-middle elementor-section-boxed elementor-section-height-default elementor-section-height-default\" data-id=\"3c83509\" data-element_type=\"section\" data-settings=\"{&quot;background_background&quot;:&quot;classic&quot;}\">\n\t\t\t\t\t\t<div class=\"elementor-container elementor-column-gap-wider\">\n\t\t\t\t\t<div class=\"elementor-column elementor-col-66 elementor-top-column elementor-element elementor-element-324d62c\" data-id=\"324d62c\" data-element_type=\"column\">\n\t\t\t<div class=\"elementor-widget-wrap elementor-element-populated\">\n\t\t\t\t\t\t<div class=\"elementor-element elementor-element-39f0947 elementor-widget elementor-widget-heading\" data-id=\"39f0947\" data-element_type=\"widget\" data-widget_type=\"heading.default\">\n\t\t\t\t<div class=\"elementor-widget-container\">\n\t\t\t\t\t<h4 class=\"elementor-heading-title elementor-size-default\">Paulina Pozo Morales<\/h4>\t\t\t\t<\/div>\n\t\t\t\t<\/div>\n\t\t\t\t<div class=\"elementor-element elementor-element-bbfaa6b elementor-widget elementor-widget-text-editor\" data-id=\"bbfaa6b\" data-element_type=\"widget\" data-widget_type=\"text-editor.default\">\n\t\t\t\t<div class=\"elementor-widget-container\">\n\t\t\t\t\t\t\t\t\t<p>Psic\u00f3loga Cl\u00ednica de la Universidad de Chile, Especializada en Psicoterapia Asistida con T\u00e9cnicas Psicoactivadoras en el Institut de Psicolog\u00eda Transpersonal de Barcelona. Psicoterapeuta miembro profesional de la Asociaci\u00f3n Europea Transpersonal EUROTAS. Su campo de trabajo cl\u00ednico y acad\u00e9mico es la interfaz entre medicinas y sabidur\u00edas ancestrales indoamericanas y salud mental. Ex coordinadora Cl\u00ednica del Centro Takiwasi (Tarapoto, Per\u00fa), lugar de referencia mundial en el trabajo con medicina tradicional amaz\u00f3nica y psicoterapia.<\/p><p>Ha sido docente en diversas Universidades e institutos en Chile y Per\u00fa. Durante los \u00faltimos 12 a\u00f1os, Paulina ha creado y sido parte de diversas iniciativas en el campo de la integraci\u00f3n entre Plantas Maestras y Psicolog\u00eda, como la Plataforma Psicosabidur\u00eda, los Retiros Mujer y Sabidur\u00eda Ancestral Amaz\u00f3nica (para la profundizaci\u00f3n de la sanaci\u00f3n e integraci\u00f3n femenina en este campo) y la formaci\u00f3n \u201cPsicoterapia y Plantas Maestras\u201d, desarrollando un modelo propio de Integraci\u00f3n terap\u00e9utica para el trabajo con Ayahuasca en contextos mestizos y occidentales. Co dirige retiros en la Amazon\u00eda Peruana y realiza pr\u00e1ctica privada.<\/p>\t\t\t\t\t\t\t\t<\/div>\n\t\t\t\t<\/div>\n\t\t\t\t\t<\/div>\n\t\t<\/div>\n\t\t\t\t<div class=\"elementor-column elementor-col-33 elementor-top-column elementor-element elementor-element-5616d82\" data-id=\"5616d82\" data-element_type=\"column\">\n\t\t\t<div class=\"elementor-widget-wrap elementor-element-populated\">\n\t\t\t\t\t\t<div class=\"elementor-element elementor-element-2334efc elementor-invisible elementor-widget elementor-widget-image\" data-id=\"2334efc\" data-element_type=\"widget\" data-settings=\"{&quot;motion_fx_motion_fx_scrolling&quot;:&quot;yes&quot;,&quot;motion_fx_translateY_effect&quot;:&quot;yes&quot;,&quot;motion_fx_translateY_direction&quot;:&quot;negative&quot;,&quot;motion_fx_translateY_speed&quot;:{&quot;unit&quot;:&quot;px&quot;,&quot;size&quot;:2,&quot;sizes&quot;:[]},&quot;motion_fx_translateY_affectedRange&quot;:{&quot;unit&quot;:&quot;%&quot;,&quot;size&quot;:&quot;&quot;,&quot;sizes&quot;:{&quot;start&quot;:30,&quot;end&quot;:70}},&quot;motion_fx_devices&quot;:[&quot;desktop&quot;,&quot;tablet&quot;],&quot;_animation&quot;:&quot;fadeInUp&quot;}\" data-widget_type=\"image.default\">\n\t\t\t\t<div class=\"elementor-widget-container\">\n\t\t\t\t\t\t\t\t\t\t\t\t\t\t\t<img decoding=\"async\" width=\"600\" height=\"800\" src=\"https:\/\/psicoterapiayvegetalismo.com\/home\/wp-content\/uploads\/2022\/07\/pau-pozo-sobre-mi.jpg\" class=\"attachment-full size-full wp-image-2384\" alt=\"\" srcset=\"https:\/\/psicoterapiayvegetalismo.com\/home\/wp-content\/uploads\/2022\/07\/pau-pozo-sobre-mi.jpg 600w, https:\/\/psicoterapiayvegetalismo.com\/home\/wp-content\/uploads\/2022\/07\/pau-pozo-sobre-mi-225x300.jpg 225w\" sizes=\"(max-width: 600px) 100vw, 600px\" \/>\t\t\t\t\t\t\t\t\t\t\t\t\t\t\t<\/div>\n\t\t\t\t<\/div>\n\t\t\t\t\t<\/div>\n\t\t<\/div>\n\t\t\t\t\t<\/div>\n\t\t<\/section>\n\t\t\t\t<section class=\"elementor-section elementor-top-section elementor-element elementor-element-2735119 elementor-section-content-middle elementor-section-boxed elementor-section-height-default elementor-section-height-default\" data-id=\"2735119\" data-element_type=\"section\" data-settings=\"{&quot;background_background&quot;:&quot;classic&quot;}\">\n\t\t\t\t\t\t<div class=\"elementor-container elementor-column-gap-wider\">\n\t\t\t\t\t<div class=\"elementor-column elementor-col-33 elementor-top-column elementor-element elementor-element-bc8106f\" data-id=\"bc8106f\" data-element_type=\"column\">\n\t\t\t<div class=\"elementor-widget-wrap elementor-element-populated\">\n\t\t\t\t\t\t<div class=\"elementor-element elementor-element-4c3df86 elementor-invisible elementor-widget elementor-widget-image\" data-id=\"4c3df86\" data-element_type=\"widget\" data-settings=\"{&quot;motion_fx_motion_fx_scrolling&quot;:&quot;yes&quot;,&quot;motion_fx_translateY_effect&quot;:&quot;yes&quot;,&quot;motion_fx_translateY_direction&quot;:&quot;negative&quot;,&quot;motion_fx_translateY_speed&quot;:{&quot;unit&quot;:&quot;px&quot;,&quot;size&quot;:2,&quot;sizes&quot;:[]},&quot;motion_fx_translateY_affectedRange&quot;:{&quot;unit&quot;:&quot;%&quot;,&quot;size&quot;:&quot;&quot;,&quot;sizes&quot;:{&quot;start&quot;:30,&quot;end&quot;:70}},&quot;motion_fx_devices&quot;:[&quot;desktop&quot;,&quot;tablet&quot;],&quot;_animation&quot;:&quot;fadeInUp&quot;}\" data-widget_type=\"image.default\">\n\t\t\t\t<div class=\"elementor-widget-container\">\n\t\t\t\t\t\t\t\t\t\t\t\t\t\t\t<img decoding=\"async\" src=\"https:\/\/psicoterapiayvegetalismo.com\/home\/wp-content\/uploads\/elementor\/thumbs\/Captura-de-pantalla-2025-02-03-a-las-11.53.12\u202fa.-m-r123g2tsjstn81ql3hg45jpy5pfx8ju1l1b1n815c0.png\" title=\"Virginia Ribeiro\" alt=\"Virginia Ribeiro\" loading=\"lazy\" \/>\t\t\t\t\t\t\t\t\t\t\t\t\t\t\t<\/div>\n\t\t\t\t<\/div>\n\t\t\t\t\t<\/div>\n\t\t<\/div>\n\t\t\t\t<div class=\"elementor-column elementor-col-66 elementor-top-column elementor-element elementor-element-165afa0\" data-id=\"165afa0\" data-element_type=\"column\">\n\t\t\t<div class=\"elementor-widget-wrap elementor-element-populated\">\n\t\t\t\t\t\t<div class=\"elementor-element elementor-element-7ad56ed elementor-widget elementor-widget-heading\" data-id=\"7ad56ed\" data-element_type=\"widget\" data-widget_type=\"heading.default\">\n\t\t\t\t<div class=\"elementor-widget-container\">\n\t\t\t\t\t<h4 class=\"elementor-heading-title elementor-size-default\">Virginia Ribeiro<\/h4>\t\t\t\t<\/div>\n\t\t\t\t<\/div>\n\t\t\t\t<div class=\"elementor-element elementor-element-6a04348 elementor-widget elementor-widget-text-editor\" data-id=\"6a04348\" data-element_type=\"widget\" data-widget_type=\"text-editor.default\">\n\t\t\t\t<div class=\"elementor-widget-container\">\n\t\t\t\t\t\t\t\t\t<p class=\"gmail-p1\">Licenciada en Ciencias de la Comunicaci\u00f3n Social (UCUDAL) y Terapeuta psico-espiritual.<\/p><p class=\"gmail-p1\">Ha sido Directora y Jefa de Producci\u00f3n Audiovisual y periodista. Actualmente es gestora de proyectos enfocados al desarrollo personal.<\/p><p class=\"gmail-p1\">Tiene dos formaciones en Psicoterapia Gestalt con enfoque en trabajo de grupos con t\u00e9cnicas expresivas y en trabajo cl\u00ednico; Certificada como Facilitadora de Procesos con Microdosis de Ente\u00f3genos; Movimiento Sanador (trabajo psicocorporal), Terapia Floral (Florales del Amazonas), Eneagrama de la Personalidad, y Herbolaria y Sistema Nervioso.<\/p><p class=\"gmail-p1\">Desde el 2002 ha incursionado en el trabajo con medicinas ancestrales de la amazonia y su articulaci\u00f3n con la psicoterapia, camino que la lleva a descubrir el Psicovegetalismo. Dirigi\u00f3 retiros en la Amazon\u00eda Peruana y trabajos vegetalistas en contexto occidental, dando una especial relevancia a la integraci\u00f3n de las experiencias con las plantas.<\/p><p class=\"gmail-p1\">Sostiene espacios terap\u00e9uticos individuales y grupales promoviendo el desarrollo del potencial humano y acompa\u00f1ando procesos desde un enfoque psicoespiritual e integrativo. Co-coordina grupos de trabajo sobre s\u00ed con yuyos y plantas medicinales. Acompa\u00f1a procesos terap\u00e9uticos con microdosis de ente\u00f3genos.<\/p>\t\t\t\t\t\t\t\t<\/div>\n\t\t\t\t<\/div>\n\t\t\t\t\t<\/div>\n\t\t<\/div>\n\t\t\t\t\t<\/div>\n\t\t<\/section>\n\t\t\t\t<\/div>\n\t\t","protected":false},"excerpt":{"rendered":"<p>Sobre nosotras Susana Bustos, Ph.D. Psic\u00f3loga cl\u00ednica (PUC, 1992), musicoterapeuta (UCh, 2001) y certificada en Respiraci\u00f3n Holotr\u00f3pica y Psicolog\u00eda Transpersonal, en terapia gest\u00e1ltica, emergeres y emergencias espirituales y arteterapia. Susana trabaja como docente y mentora de alumnos de postgrado en el California Institute of Integral Studies y es docente adjunta de la Universidad de Berkeley, [&hellip;]<\/p>\n","protected":false},"author":1,"featured_media":0,"parent":0,"menu_order":0,"comment_status":"closed","ping_status":"closed","template":"elementor_header_footer","meta":{"site-sidebar-layout":"no-sidebar","site-content-layout":"page-builder","ast-site-content-layout":"","site-content-style":"default","site-sidebar-style":"default","ast-global-header-display":"","ast-banner-title-visibility":"","ast-main-header-display":"","ast-hfb-above-header-display":"","ast-hfb-below-header-display":"","ast-hfb-mobile-header-display":"","site-post-title":"disabled","ast-breadcrumbs-content":"","ast-featured-img":"disabled","footer-sml-layout":"","theme-transparent-header-meta":"","adv-header-id-meta":"","stick-header-meta":"","header-above-stick-meta":"","header-main-stick-meta":"","header-below-stick-meta":"","astra-migrate-meta-layouts":"default","ast-page-background-enabled":"default","ast-page-background-meta":{"desktop":{"background-color":"","background-image":"","background-repeat":"repeat","background-position":"center center","background-size":"auto","background-attachment":"scroll","background-type":"","background-media":"","overlay-type":"","overlay-color":"","overlay-opacity":"","overlay-gradient":""},"tablet":{"background-color":"","background-image":"","background-repeat":"repeat","background-position":"center center","background-size":"auto","background-attachment":"scroll","background-type":"","background-media":"","overlay-type":"","overlay-color":"","overlay-opacity":"","overlay-gradient":""},"mobile":{"background-color":"","background-image":"","background-repeat":"repeat","background-position":"center center","background-size":"auto","background-attachment":"scroll","background-type":"","background-media":"","overlay-type":"","overlay-color":"","overlay-opacity":"","overlay-gradient":""}},"ast-content-background-meta":{"desktop":{"background-color":"var(--ast-global-color-5)","background-image":"","background-repeat":"repeat","background-position":"center center","background-size":"auto","background-attachment":"scroll","background-type":"","background-media":"","overlay-type":"","overlay-color":"","overlay-opacity":"","overlay-gradient":""},"tablet":{"background-color":"var(--ast-global-color-5)","background-image":"","background-repeat":"repeat","background-position":"center center","background-size":"auto","background-attachment":"scroll","background-type":"","background-media":"","overlay-type":"","overlay-color":"","overlay-opacity":"","overlay-gradient":""},"mobile":{"background-color":"var(--ast-global-color-5)","background-image":"","background-repeat":"repeat","background-position":"center center","background-size":"auto","background-attachment":"scroll","background-type":"","background-media":"","overlay-type":"","overlay-color":"","overlay-opacity":"","overlay-gradient":""}},"footnotes":""},"class_list":["post-2258","page","type-page","status-publish","hentry"],"_links":{"self":[{"href":"https:\/\/psicoterapiayvegetalismo.com\/home\/wp-json\/wp\/v2\/pages\/2258","targetHints":{"allow":["GET"]}}],"collection":[{"href":"https:\/\/psicoterapiayvegetalismo.com\/home\/wp-json\/wp\/v2\/pages"}],"about":[{"href":"https:\/\/psicoterapiayvegetalismo.com\/home\/wp-json\/wp\/v2\/types\/page"}],"author":[{"embeddable":true,"href":"https:\/\/psicoterapiayvegetalismo.com\/home\/wp-json\/wp\/v2\/users\/1"}],"replies":[{"embeddable":true,"href":"https:\/\/psicoterapiayvegetalismo.com\/home\/wp-json\/wp\/v2\/comments?post=2258"}],"version-history":[{"count":20,"href":"https:\/\/psicoterapiayvegetalismo.com\/home\/wp-json\/wp\/v2\/pages\/2258\/revisions"}],"predecessor-version":[{"id":2801,"href":"https:\/\/psicoterapiayvegetalismo.com\/home\/wp-json\/wp\/v2\/pages\/2258\/revisions\/2801"}],"wp:attachment":[{"href":"https:\/\/psicoterapiayvegetalismo.com\/home\/wp-json\/wp\/v2\/media?parent=2258"}],"curies":[{"name":"wp","href":"https:\/\/api.w.org\/{rel}","templated":true}]}}