{"id":2988,"date":"2025-06-06T18:07:57","date_gmt":"2025-06-06T16:07:57","guid":{"rendered":"https:\/\/psicoterapiayvegetalismo.com\/home\/?page_id=2988"},"modified":"2025-11-19T13:13:13","modified_gmt":"2025-11-19T12:13:13","slug":"75-dolares","status":"publish","type":"page","link":"https:\/\/psicoterapiayvegetalismo.com\/home\/curso-de-especializacion-emergencias-espirituales-inducidas-por-plantas-maestras\/75-dolares\/","title":{"rendered":"75 d\u00f3lares"},"content":{"rendered":"\t\t<div data-elementor-type=\"wp-page\" data-elementor-id=\"2988\" class=\"elementor elementor-2988\" data-elementor-post-type=\"page\">\n\t\t\t\t\t\t<section class=\"elementor-section elementor-top-section elementor-element elementor-element-16f011b elementor-section-boxed elementor-section-height-default elementor-section-height-default\" data-id=\"16f011b\" data-element_type=\"section\" data-settings=\"{&quot;background_background&quot;:&quot;classic&quot;}\">\n\t\t\t\t\t\t<div class=\"elementor-container elementor-column-gap-wider\">\n\t\t\t\t\t<div class=\"elementor-column elementor-col-16 elementor-top-column elementor-element elementor-element-5a20df0\" data-id=\"5a20df0\" data-element_type=\"column\">\n\t\t\t<div class=\"elementor-widget-wrap\">\n\t\t\t\t\t\t\t<\/div>\n\t\t<\/div>\n\t\t\t\t<div class=\"elementor-column elementor-col-66 elementor-top-column elementor-element elementor-element-18c3139\" data-id=\"18c3139\" data-element_type=\"column\">\n\t\t\t<div class=\"elementor-widget-wrap elementor-element-populated\">\n\t\t\t\t\t\t<div class=\"elementor-element elementor-element-4114a54 elementor-widget elementor-widget-heading\" data-id=\"4114a54\" data-element_type=\"widget\" data-widget_type=\"heading.default\">\n\t\t\t\t<div class=\"elementor-widget-container\">\n\t\t\t\t\t<span class=\"elementor-heading-title elementor-size-default\">Curso de especializaci\u00f3n<\/span>\t\t\t\t<\/div>\n\t\t\t\t<\/div>\n\t\t\t\t<div class=\"elementor-element elementor-element-e2a5c47 elementor-widget elementor-widget-heading\" data-id=\"e2a5c47\" data-element_type=\"widget\" data-widget_type=\"heading.default\">\n\t\t\t\t<div class=\"elementor-widget-container\">\n\t\t\t\t\t<h1 class=\"elementor-heading-title elementor-size-default\">Emergencias Espirituales Inducidas por Plantas Maestras<\/h1>\t\t\t\t<\/div>\n\t\t\t\t<\/div>\n\t\t\t\t\t<\/div>\n\t\t<\/div>\n\t\t\t\t<div class=\"elementor-column elementor-col-16 elementor-top-column elementor-element elementor-element-3e0e51b\" data-id=\"3e0e51b\" data-element_type=\"column\">\n\t\t\t<div class=\"elementor-widget-wrap\">\n\t\t\t\t\t\t\t<\/div>\n\t\t<\/div>\n\t\t\t\t\t<\/div>\n\t\t<\/section>\n\t\t\t\t<section class=\"elementor-section elementor-top-section elementor-element elementor-element-446718f elementor-section-boxed elementor-section-height-default elementor-section-height-default\" data-id=\"446718f\" data-element_type=\"section\" data-settings=\"{&quot;background_background&quot;:&quot;classic&quot;}\">\n\t\t\t\t\t\t<div class=\"elementor-container elementor-column-gap-wider\">\n\t\t\t\t\t<div class=\"elementor-column elementor-col-16 elementor-top-column elementor-element elementor-element-b4a34bf\" data-id=\"b4a34bf\" data-element_type=\"column\">\n\t\t\t<div class=\"elementor-widget-wrap\">\n\t\t\t\t\t\t\t<\/div>\n\t\t<\/div>\n\t\t\t\t<div class=\"elementor-column elementor-col-66 elementor-top-column elementor-element elementor-element-db0192d\" data-id=\"db0192d\" data-element_type=\"column\">\n\t\t\t<div class=\"elementor-widget-wrap elementor-element-populated\">\n\t\t\t\t\t\t<div class=\"elementor-element elementor-element-444fc01 elementor-widget elementor-widget-html\" data-id=\"444fc01\" data-element_type=\"widget\" data-widget_type=\"html.default\">\n\t\t\t\t<div class=\"elementor-widget-container\">\n\t\t\t\t\t<h4 class=\"sub-title\" style=\"font-family: 'Work Sans', Sans-serif !important; color: #CDB30C; font-size: 16px; text-align: center; text-transform: uppercase;\">Actualizaci\u00f3n para alumnos de la 1\u00b0 Edici\u00f3n de julio 2025<\/h4>\n<p style=\"text-align: center;\">\n    6 hs en vivo + material complementario\n<\/p>\n<h2 style=\"font-weight: 700; font-family: 'Work Sans', Sans-serif !important; font-size: 28px !important; color: #535204; text-transform: capitalize; text-align: center; margin-bottom: 20px;\">75 d\u00f3lares<\/h2>\n\n\n<div id=\"smart-button-container\">\n      <div style=\"text-align: center;\">\n        <div id=\"paypal-button-container\"><\/div>\n      <\/div>\n    <\/div>\n  <script src=\"https:\/\/www.paypal.com\/sdk\/js?client-id=ASMiMwAW5VhkPtwIarKPS5D75LesidHauX_cztkuUmHpz7UkVkpAXIvD9nePsBaKsffCUyLDxORZWWUr&enable-funding=venmo&currency=USD\" data-sdk-integration-source=\"button-factory\"><\/script>\n  <script>\n    function initPayPalButton() {\n      paypal.Buttons({\n        style: {\n          shape: 'pill',\n          color: 'gold',\n          layout: 'vertical',\n          label: 'paypal',\n          \n        },\n\n        createOrder: function(data, actions) {\n          return actions.order.create({\n            purchase_units: [{\"description\":\"Valor Preferente para Nuevos Alumnos\",\"amount\":{\"currency_code\":\"USD\",\"value\":75}}]\n          });\n        },\n\n        onApprove: function(data, actions) {\n          return actions.order.capture().then(function(orderData) {\n            \n            \/\/ Full available details\n            console.log('Capture result', orderData, JSON.stringify(orderData, null, 2));\n\n            \/\/ Show a success message within this page, e.g.\n            const element = document.getElementById('paypal-button-container');\n            element.innerHTML = '';\n            element.innerHTML = '<h3>Gracias por tu pago!<\/h3>';\n\n            \/\/ Or go to another URL:  actions.redirect('thank_you.html');\n            \n          });\n        },\n\n        onError: function(err) {\n          console.log(err);\n        }\n      }).render('#paypal-button-container');\n    }\n    initPayPalButton();\n  <\/script>\t\t\t\t<\/div>\n\t\t\t\t<\/div>\n\t\t\t\t<div class=\"elementor-element elementor-element-a5b854b elementor-widget elementor-widget-text-editor\" data-id=\"a5b854b\" data-element_type=\"widget\" data-widget_type=\"text-editor.default\">\n\t\t\t\t<div class=\"elementor-widget-container\">\n\t\t\t\t\t\t\t\t\t<h3>Datos para Transferencia Bancaria<\/h3><p><br \/><strong>Susana Bustos<\/strong><\/p><p><strong>Banco Citibank<\/strong><\/p><p><strong>C\u00f3digo SWIFT:<\/strong> CITIUS33<\/p><p><strong>N\u00famero de ruta intermedia del banco Citi:<\/strong> 021000089<\/p><p><strong>N\u00famero de ruta a mi cuenta personal:<\/strong> 321171184<\/p><p><strong>N\u00famero de cuenta:<\/strong> 40030059279<\/p><p><strong>Direcci\u00f3n bancaria:<\/strong> 100 Citibank Dr, San Antonio, Tx 78245<\/p>\t\t\t\t\t\t\t\t<\/div>\n\t\t\t\t<\/div>\n\t\t\t\t<div class=\"elementor-element elementor-element-cbef07f elementor-widget elementor-widget-text-editor\" data-id=\"cbef07f\" data-element_type=\"widget\" data-widget_type=\"text-editor.default\">\n\t\t\t\t<div class=\"elementor-widget-container\">\n\t\t\t\t\t\t\t\t\t<p>Una vez que realices el pago, te pedimos que hagas click en el siguiente bot\u00f3n donde enviar\u00e1s el comprobante.<\/p>\t\t\t\t\t\t\t\t<\/div>\n\t\t\t\t<\/div>\n\t\t\t\t<div class=\"elementor-element elementor-element-7b97846 elementor-align-center elementor-widget elementor-widget-button\" data-id=\"7b97846\" data-element_type=\"widget\" data-widget_type=\"button.default\">\n\t\t\t\t<div class=\"elementor-widget-container\">\n\t\t\t\t\t\t\t\t\t<div class=\"elementor-button-wrapper\">\n\t\t\t\t\t<a class=\"elementor-button elementor-button-link elementor-size-sm\" href=\"https:\/\/psicoterapiayvegetalismo.com\/home\/curso-de-especializacion-emergencias-espirituales-inducidas-por-plantas-maestras\/gracias-por-acceder-al-curso\">\n\t\t\t\t\t\t<span class=\"elementor-button-content-wrapper\">\n\t\t\t\t\t\t\t\t\t<span class=\"elementor-button-text\">Proceder con el proceso de inscripci\u00f3n<\/span>\n\t\t\t\t\t<\/span>\n\t\t\t\t\t<\/a>\n\t\t\t\t<\/div>\n\t\t\t\t\t\t\t\t<\/div>\n\t\t\t\t<\/div>\n\t\t\t\t\t<\/div>\n\t\t<\/div>\n\t\t\t\t<div class=\"elementor-column elementor-col-16 elementor-top-column elementor-element elementor-element-f6080d3\" data-id=\"f6080d3\" data-element_type=\"column\">\n\t\t\t<div class=\"elementor-widget-wrap\">\n\t\t\t\t\t\t\t<\/div>\n\t\t<\/div>\n\t\t\t\t\t<\/div>\n\t\t<\/section>\n\t\t\t\t<\/div>\n\t\t","protected":false},"excerpt":{"rendered":"<p>Curso de especializaci\u00f3n Emergencias Espirituales Inducidas por Plantas Maestras Actualizaci\u00f3n para alumnos de la 1\u00b0 Edici\u00f3n de julio 2025 6 hs en vivo + material complementario 75 d\u00f3lares Datos para Transferencia Bancaria Susana Bustos Banco Citibank C\u00f3digo SWIFT: CITIUS33 N\u00famero de ruta intermedia del banco Citi: 021000089 N\u00famero de ruta a mi cuenta personal: 321171184 [&hellip;]<\/p>\n","protected":false},"author":61,"featured_media":0,"parent":2897,"menu_order":0,"comment_status":"closed","ping_status":"closed","template":"elementor_canvas","meta":{"site-sidebar-layout":"no-sidebar","site-content-layout":"page-builder","ast-site-content-layout":"","site-content-style":"default","site-sidebar-style":"default","ast-global-header-display":"","ast-banner-title-visibility":"","ast-main-header-display":"","ast-hfb-above-header-display":"","ast-hfb-below-header-display":"","ast-hfb-mobile-header-display":"","site-post-title":"disabled","ast-breadcrumbs-content":"","ast-featured-img":"disabled","footer-sml-layout":"","theme-transparent-header-meta":"default","adv-header-id-meta":"","stick-header-meta":"","header-above-stick-meta":"","header-main-stick-meta":"","header-below-stick-meta":"","astra-migrate-meta-layouts":"default","ast-page-background-enabled":"default","ast-page-background-meta":{"desktop":{"background-color":"","background-image":"","background-repeat":"repeat","background-position":"center center","background-size":"auto","background-attachment":"scroll","background-type":"","background-media":"","overlay-type":"","overlay-color":"","overlay-opacity":"","overlay-gradient":""},"tablet":{"background-color":"","background-image":"","background-repeat":"repeat","background-position":"center center","background-size":"auto","background-attachment":"scroll","background-type":"","background-media":"","overlay-type":"","overlay-color":"","overlay-opacity":"","overlay-gradient":""},"mobile":{"background-color":"","background-image":"","background-repeat":"repeat","background-position":"center center","background-size":"auto","background-attachment":"scroll","background-type":"","background-media":"","overlay-type":"","overlay-color":"","overlay-opacity":"","overlay-gradient":""}},"ast-content-background-meta":{"desktop":{"background-color":"var(--ast-global-color-5)","background-image":"","background-repeat":"repeat","background-position":"center center","background-size":"auto","background-attachment":"scroll","background-type":"","background-media":"","overlay-type":"","overlay-color":"","overlay-opacity":"","overlay-gradient":""},"tablet":{"background-color":"var(--ast-global-color-5)","background-image":"","background-repeat":"repeat","background-position":"center center","background-size":"auto","background-attachment":"scroll","background-type":"","background-media":"","overlay-type":"","overlay-color":"","overlay-opacity":"","overlay-gradient":""},"mobile":{"background-color":"var(--ast-global-color-5)","background-image":"","background-repeat":"repeat","background-position":"center center","background-size":"auto","background-attachment":"scroll","background-type":"","background-media":"","overlay-type":"","overlay-color":"","overlay-opacity":"","overlay-gradient":""}},"footnotes":""},"class_list":["post-2988","page","type-page","status-publish","hentry"],"_links":{"self":[{"href":"https:\/\/psicoterapiayvegetalismo.com\/home\/wp-json\/wp\/v2\/pages\/2988","targetHints":{"allow":["GET"]}}],"collection":[{"href":"https:\/\/psicoterapiayvegetalismo.com\/home\/wp-json\/wp\/v2\/pages"}],"about":[{"href":"https:\/\/psicoterapiayvegetalismo.com\/home\/wp-json\/wp\/v2\/types\/page"}],"author":[{"embeddable":true,"href":"https:\/\/psicoterapiayvegetalismo.com\/home\/wp-json\/wp\/v2\/users\/61"}],"replies":[{"embeddable":true,"href":"https:\/\/psicoterapiayvegetalismo.com\/home\/wp-json\/wp\/v2\/comments?post=2988"}],"version-history":[{"count":11,"href":"https:\/\/psicoterapiayvegetalismo.com\/home\/wp-json\/wp\/v2\/pages\/2988\/revisions"}],"predecessor-version":[{"id":3041,"href":"https:\/\/psicoterapiayvegetalismo.com\/home\/wp-json\/wp\/v2\/pages\/2988\/revisions\/3041"}],"up":[{"embeddable":true,"href":"https:\/\/psicoterapiayvegetalismo.com\/home\/wp-json\/wp\/v2\/pages\/2897"}],"wp:attachment":[{"href":"https:\/\/psicoterapiayvegetalismo.com\/home\/wp-json\/wp\/v2\/media?parent=2988"}],"curies":[{"name":"wp","href":"https:\/\/api.w.org\/{rel}","templated":true}]}}